{"id":36,"date":"2017-06-07T09:03:47","date_gmt":"2017-06-07T08:03:47","guid":{"rendered":"https:\/\/mwazone.com\/newsite\/?page_id=36"},"modified":"2018-05-24T13:07:29","modified_gmt":"2018-05-24T12:07:29","slug":"services","status":"publish","type":"page","link":"https:\/\/mwazone.com\/newsite\/services\/","title":{"rendered":"Ydelser"},"content":{"rendered":"<p><!-- top menu goes here --><\/p>\n<div class=\"jumbotron banner sub-site\">\n<div class=\"container\">\n<div class=\"col-md-12 text-center ui-resizable\">\n<h1 class=\"grey\" style=\"text-align: center;\">Ydelser<\/h1>\n<h3 class=\"grey\" style=\"text-align: center;\">Det kan v\u00e6re en udfordring at blive klog p\u00e5, hvilke(n) l\u00f8sning der er den rigtige for dig. Her har du muligheden for at se, hvad vi tilbyder.<\/h3>\n<\/div>\n<\/div>\n<\/div>\n<div class=\"hidden-xs jumbotron white-background non-pad\">\n<div class=\"container\">\n<div class=\"row ui-sortable\">\n<ul class=\"nav-justified vert-nav\">\n<li><a href=\"https:\/\/mwazone.com\/newsite\/?page_id=22\">MWAhost<\/a><\/li>\n<li><a class=\"filter\" href=\"https:\/\/mwazone.com\/newsite\/?page_id=21\">MWAtalk<\/a><\/li>\n<li><a href=\"https:\/\/mwazone.com\/newsite\/?page_id=41\">D-N-S.dk<\/a><\/li>\n<li><a href=\"https:\/\/mwazone.com\/newsite\/?page_id=38\">Portaler<\/a><\/li>\n<li><a class=\"filter\" href=\"https:\/\/mwazone.com\/newsite\/?page_id=23\">Andre ydelser<\/a><\/li>\n<li><a class=\"filter\" href=\"https:\/\/mwazone.com\/newsite\/?page_id=851\">Dom\u00e6ner<\/a><\/li>\n<\/ul>\n<\/div>\n<\/div>\n<\/div>\n<div class=\"jumbotron mixup\">\n<div class=\"container\">\n<div class=\"row ui-sortable\">\n<div class=\"col-sm-12 ui-resizable\">\n<div id=\"mixup\" class=\"container\">\n<div class=\"mix col-3 support ui-resizable\">\n<div class=\"white-box\">\n<div class=\"figcaption-holder\">\n<div class=\"figcaption-container white\">\n<p>&nbsp;<\/p>\n<h2>HER ER VORES IT-L\u00d8SNINGER TIL DIG<\/h2>\n<div><img loading=\"lazy\" decoding=\"async\" class=\"aligncenter wp-image-1677 size-full\" src=\"https:\/\/mwazone.com\/newsite\/wp-content\/uploads\/2017\/08\/AdobeStock_54367299.jpeg\" alt=\"\" width=\"3008\" height=\"2008\" srcset=\"https:\/\/mwazone.com\/newsite\/wp-content\/uploads\/2017\/08\/AdobeStock_54367299.jpeg 3008w, https:\/\/mwazone.com\/newsite\/wp-content\/uploads\/2017\/08\/AdobeStock_54367299-300x200.jpeg 300w, https:\/\/mwazone.com\/newsite\/wp-content\/uploads\/2017\/08\/AdobeStock_54367299-768x513.jpeg 768w, https:\/\/mwazone.com\/newsite\/wp-content\/uploads\/2017\/08\/AdobeStock_54367299-1024x684.jpeg 1024w, https:\/\/mwazone.com\/newsite\/wp-content\/uploads\/2017\/08\/AdobeStock_54367299-272x182.jpeg 272w\" sizes=\"auto, (max-width: 3008px) 100vw, 3008px\" \/><\/div>\n<div><\/div>\n<h4>Klik dig igennem vores nemu for at se, hvilke produkter vi tilbyder dig og din virksomhed. Alternativt er du altid velkommen til at ringe til os p\u00e5 <strong>45 925 101.<\/strong><\/h4>\n<\/div>\n<\/div>\n<\/div>\n<\/div>\n<\/div>\n<\/div>\n<\/div>\n<\/div>\n<\/div>\n","protected":false},"excerpt":{"rendered":"<p>Ydelser Det kan v\u00e6re en udfordring at blive klog p\u00e5, hvilke(n) l\u00f8sning der er den rigtige for dig. Her har du muligheden for at se, hvad vi tilbyder. MWAhost MWAtalk D-N-S.dk Portaler Andre ydelser Dom\u00e6ner &nbsp; HER ER VORES IT-L\u00d8SNINGER TIL DIG Klik dig igennem vores nemu for at se, hvilke produkter vi tilbyder dig [&hellip;]<\/p>\n","protected":false},"author":2,"featured_media":0,"parent":0,"menu_order":0,"comment_status":"closed","ping_status":"closed","template":"templates\/fullwidth.php","meta":{"_et_pb_use_builder":"","_et_pb_old_content":"","_et_gb_content_width":"","om_disable_all_campaigns":false,"footnotes":""},"class_list":["post-36","page","type-page","status-publish","hentry"],"_links":{"self":[{"href":"https:\/\/mwazone.com\/newsite\/wp-json\/wp\/v2\/pages\/36","targetHints":{"allow":["GET"]}}],"collection":[{"href":"https:\/\/mwazone.com\/newsite\/wp-json\/wp\/v2\/pages"}],"about":[{"href":"https:\/\/mwazone.com\/newsite\/wp-json\/wp\/v2\/types\/page"}],"author":[{"embeddable":true,"href":"https:\/\/mwazone.com\/newsite\/wp-json\/wp\/v2\/users\/2"}],"replies":[{"embeddable":true,"href":"https:\/\/mwazone.com\/newsite\/wp-json\/wp\/v2\/comments?post=36"}],"version-history":[{"count":57,"href":"https:\/\/mwazone.com\/newsite\/wp-json\/wp\/v2\/pages\/36\/revisions"}],"predecessor-version":[{"id":1748,"href":"https:\/\/mwazone.com\/newsite\/wp-json\/wp\/v2\/pages\/36\/revisions\/1748"}],"wp:attachment":[{"href":"https:\/\/mwazone.com\/newsite\/wp-json\/wp\/v2\/media?parent=36"}],"curies":[{"name":"wp","href":"https:\/\/api.w.org\/{rel}","templated":true}]}}